{"id":2,"date":"2025-08-27T08:49:29","date_gmt":"2025-08-27T08:49:29","guid":{"rendered":"http:\/\/abcsimmobilier.fr\/?page_id=2"},"modified":"2026-02-03T18:39:36","modified_gmt":"2026-02-03T16:39:36","slug":"sample-page","status":"publish","type":"page","link":"https:\/\/abcsimmobilier.fr\/","title":{"rendered":"ABCS immobilier"},"content":{"rendered":"\n<p>Vous souhaitez \u00e9changer sur votre projet immobilier, b\u00e9n\u00e9ficier d&rsquo;un regard expert sur un march\u00e9 en pleine \u00e9volution, estimer votre bien, franchir les \u00e9tapes d&rsquo;une vente ou d&rsquo;un achat immobilier :<\/p>\n\n\n\n<blockquote class=\"wp-block-quote is-layout-flow wp-block-quote-is-layout-flow\">\n<p>Soyez les bienvenus, j&rsquo;aurai plaisir \u00e0 vous accompagner<\/p>\n<\/blockquote>\n\n\n\n<p>&#8230;voici quelques r\u00e9p\u00e8res pour enrichir nos \u00e9changes :<\/p>\n\n\n\n<blockquote class=\"wp-block-quote is-layout-flow wp-block-quote-is-layout-flow\">\n<p>Olivier GRACIA, g\u00e9rant de la soci\u00e9t\u00e9 ABCS immobilier est dipl\u00f4m\u00e9 de la facult\u00e9 de Droit de Poitiers, du Conservatoire National des Arts et M\u00e9tiers de Nantes ainsi que de la f\u00e9d\u00e9ration compagnonnique des M\u00e9tiers du B\u00e2timent. Activit\u00e9 immobili\u00e8re exerc\u00e9e depuis plus de 20 ans.<\/p>\n<\/blockquote>\n\n\n\n<p>SAS ABCS immobilier au capital de 5.000 \u20ac &#8211; RCS 827 801 234 La Roche-sur-yon &#8211; Carte professionnelle d\u00e9livr\u00e9e par la CCI de Vend\u00e9e CPI n\u00b0 8501 2017 000 017 227 &#8211; Assur\u00e9 VHS adh\u00e9rent SNPI n\u00b0 20445.<\/p>\n\n\n\n<p>contact : graciaolivier@abcsimmobilier.fr<\/p>\n\n\n\n<p><\/p>\n\n\n\n<div class=\"wp-block-buttons is-layout-flex wp-block-buttons-is-layout-flex\">\n<div class=\"wp-block-button\"><a class=\"wp-block-button__link wp-element-button\" href=\"http:\/\/abcsimmobilier.fr\/wp-content\/uploads\/2025\/08\/Bareme-ABCS-immo-2025.pdf\">Bar\u00e8me<\/a><\/div>\n\n\n\n<div class=\"wp-block-button\"><a class=\"wp-block-button__link wp-element-button\" href=\"https:\/\/www.leboncoin.fr\/boutique\/6084281\/abcs_immobilier.htm\">Biens<\/a><\/div>\n<\/div>\n\n\n\n<figure class=\"wp-block-gallery has-nested-images columns-default is-cropped wp-block-gallery-1 is-layout-flex wp-block-gallery-is-layout-flex\">\n<figure class=\"wp-block-image size-large\"><img loading=\"lazy\" decoding=\"async\" width=\"960\" height=\"720\" data-id=\"54\" src=\"http:\/\/abcsimmobilier.fr\/wp-content\/uploads\/2025\/08\/Diapositive4-3.jpg\" alt=\"\" class=\"wp-image-54\" srcset=\"https:\/\/abcsimmobilier.fr\/wp-content\/uploads\/2025\/08\/Diapositive4-3.jpg 960w, https:\/\/abcsimmobilier.fr\/wp-content\/uploads\/2025\/08\/Diapositive4-3-300x225.jpg 300w, https:\/\/abcsimmobilier.fr\/wp-content\/uploads\/2025\/08\/Diapositive4-3-768x576.jpg 768w\" sizes=\"auto, (max-width: 960px) 100vw, 960px\" \/><\/figure>\n<\/figure>\n\n\n\n<figure class=\"wp-block-gallery has-nested-images columns-default is-cropped wp-block-gallery-2 is-layout-flex wp-block-gallery-is-layout-flex\">\n<figure class=\"wp-block-image size-large\"><img loading=\"lazy\" decoding=\"async\" width=\"960\" height=\"720\" data-id=\"61\" src=\"http:\/\/abcsimmobilier.fr\/wp-content\/uploads\/2025\/08\/Diapositive7-2.jpg\" alt=\"\" class=\"wp-image-61\" srcset=\"https:\/\/abcsimmobilier.fr\/wp-content\/uploads\/2025\/08\/Diapositive7-2.jpg 960w, https:\/\/abcsimmobilier.fr\/wp-content\/uploads\/2025\/08\/Diapositive7-2-300x225.jpg 300w, https:\/\/abcsimmobilier.fr\/wp-content\/uploads\/2025\/08\/Diapositive7-2-768x576.jpg 768w\" sizes=\"auto, (max-width: 960px) 100vw, 960px\" \/><\/figure>\n<\/figure>\n\n\n\n<figure class=\"wp-block-gallery has-nested-images columns-default is-cropped wp-block-gallery-3 is-layout-flex wp-block-gallery-is-layout-flex\">\n<figure class=\"wp-block-image size-large\"><img loading=\"lazy\" decoding=\"async\" width=\"960\" height=\"720\" data-id=\"56\" src=\"http:\/\/abcsimmobilier.fr\/wp-content\/uploads\/2025\/08\/Diapositive6-2.jpg\" alt=\"\" class=\"wp-image-56\" srcset=\"https:\/\/abcsimmobilier.fr\/wp-content\/uploads\/2025\/08\/Diapositive6-2.jpg 960w, https:\/\/abcsimmobilier.fr\/wp-content\/uploads\/2025\/08\/Diapositive6-2-300x225.jpg 300w, https:\/\/abcsimmobilier.fr\/wp-content\/uploads\/2025\/08\/Diapositive6-2-768x576.jpg 768w\" sizes=\"auto, (max-width: 960px) 100vw, 960px\" \/><\/figure>\n<\/figure>\n\n\n\n<figure class=\"wp-block-gallery has-nested-images columns-default is-cropped wp-block-gallery-4 is-layout-flex wp-block-gallery-is-layout-flex\">\n<figure class=\"wp-block-image size-large\"><img loading=\"lazy\" decoding=\"async\" width=\"960\" height=\"720\" data-id=\"62\" src=\"http:\/\/abcsimmobilier.fr\/wp-content\/uploads\/2025\/08\/Diapositive8.jpg\" alt=\"\" class=\"wp-image-62\" srcset=\"https:\/\/abcsimmobilier.fr\/wp-content\/uploads\/2025\/08\/Diapositive8.jpg 960w, https:\/\/abcsimmobilier.fr\/wp-content\/uploads\/2025\/08\/Diapositive8-300x225.jpg 300w, https:\/\/abcsimmobilier.fr\/wp-content\/uploads\/2025\/08\/Diapositive8-768x576.jpg 768w\" sizes=\"auto, (max-width: 960px) 100vw, 960px\" \/><\/figure>\n<\/figure>\n\n\n\n<figure class=\"wp-block-gallery has-nested-images columns-default is-cropped wp-block-gallery-5 is-layout-flex wp-block-gallery-is-layout-flex\">\n<figure class=\"wp-block-image size-large\"><img loading=\"lazy\" decoding=\"async\" width=\"960\" height=\"720\" data-id=\"57\" src=\"http:\/\/abcsimmobilier.fr\/wp-content\/uploads\/2025\/08\/Diapositive5-3.jpg\" alt=\"\" class=\"wp-image-57\" srcset=\"https:\/\/abcsimmobilier.fr\/wp-content\/uploads\/2025\/08\/Diapositive5-3.jpg 960w, https:\/\/abcsimmobilier.fr\/wp-content\/uploads\/2025\/08\/Diapositive5-3-300x225.jpg 300w, https:\/\/abcsimmobilier.fr\/wp-content\/uploads\/2025\/08\/Diapositive5-3-768x576.jpg 768w\" sizes=\"auto, (max-width: 960px) 100vw, 960px\" \/><\/figure>\n<\/figure>\n\n\n\n<figure class=\"wp-block-gallery has-nested-images columns-default is-cropped wp-block-gallery-6 is-layout-flex wp-block-gallery-is-layout-flex\">\n<figure class=\"wp-block-image size-large\"><img loading=\"lazy\" decoding=\"async\" width=\"960\" height=\"720\" data-id=\"50\" src=\"http:\/\/abcsimmobilier.fr\/wp-content\/uploads\/2025\/08\/Diapositive3-3.jpg\" alt=\"\" class=\"wp-image-50\" srcset=\"https:\/\/abcsimmobilier.fr\/wp-content\/uploads\/2025\/08\/Diapositive3-3.jpg 960w, https:\/\/abcsimmobilier.fr\/wp-content\/uploads\/2025\/08\/Diapositive3-3-300x225.jpg 300w, https:\/\/abcsimmobilier.fr\/wp-content\/uploads\/2025\/08\/Diapositive3-3-768x576.jpg 768w\" sizes=\"auto, (max-width: 960px) 100vw, 960px\" \/><\/figure>\n<\/figure>\n\n\n\n<figure class=\"wp-block-gallery has-nested-images columns-default is-cropped wp-block-gallery-7 is-layout-flex wp-block-gallery-is-layout-flex\">\n<figure class=\"wp-block-image size-large\"><img loading=\"lazy\" decoding=\"async\" width=\"960\" height=\"720\" data-id=\"65\" src=\"http:\/\/abcsimmobilier.fr\/wp-content\/uploads\/2025\/08\/Diapositive12-1.jpg\" alt=\"\" class=\"wp-image-65\" srcset=\"https:\/\/abcsimmobilier.fr\/wp-content\/uploads\/2025\/08\/Diapositive12-1.jpg 960w, https:\/\/abcsimmobilier.fr\/wp-content\/uploads\/2025\/08\/Diapositive12-1-300x225.jpg 300w, https:\/\/abcsimmobilier.fr\/wp-content\/uploads\/2025\/08\/Diapositive12-1-768x576.jpg 768w\" sizes=\"auto, (max-width: 960px) 100vw, 960px\" \/><\/figure>\n<\/figure>\n\n\n\n<figure class=\"wp-block-gallery has-nested-images columns-default is-cropped wp-block-gallery-8 is-layout-flex wp-block-gallery-is-layout-flex\">\n<figure class=\"wp-block-image size-large\"><img loading=\"lazy\" decoding=\"async\" width=\"960\" height=\"720\" data-id=\"58\" src=\"http:\/\/abcsimmobilier.fr\/wp-content\/uploads\/2025\/08\/Diapositive18.jpg\" alt=\"\" class=\"wp-image-58\" srcset=\"https:\/\/abcsimmobilier.fr\/wp-content\/uploads\/2025\/08\/Diapositive18.jpg 960w, https:\/\/abcsimmobilier.fr\/wp-content\/uploads\/2025\/08\/Diapositive18-300x225.jpg 300w, https:\/\/abcsimmobilier.fr\/wp-content\/uploads\/2025\/08\/Diapositive18-768x576.jpg 768w\" sizes=\"auto, (max-width: 960px) 100vw, 960px\" \/><\/figure>\n<\/figure>\n\n\n\n<div class=\"wp-block-jetpack-tiled-gallery aligncenter is-style-rectangular\"><div class=\"\"><div class=\"tiled-gallery__gallery\"><div class=\"tiled-gallery__row\"><div class=\"tiled-gallery__col\" style=\"flex-basis:25.00000%\"><figure class=\"tiled-gallery__item\"><img decoding=\"async\" srcset=\"https:\/\/i0.wp.com\/abcsimmobilier.fr\/wp-content\/uploads\/2025\/08\/Diapositive3-1.jpg?strip=info&#038;w=600 600w,https:\/\/i0.wp.com\/abcsimmobilier.fr\/wp-content\/uploads\/2025\/08\/Diapositive3-1.jpg?strip=info&#038;w=720 720w\" alt=\"\" data-height=\"960\" data-id=\"38\" data-link=\"http:\/\/abcsimmobilier.fr\/index.php\/sample-page\/diapositive3-2\/\" data-url=\"http:\/\/abcsimmobilier.fr\/wp-content\/uploads\/2025\/08\/Diapositive3-1.jpg\" data-width=\"720\" src=\"https:\/\/i0.wp.com\/abcsimmobilier.fr\/wp-content\/uploads\/2025\/08\/Diapositive3-1.jpg\" data-amp-layout=\"responsive\"\/><\/figure><\/div><div class=\"tiled-gallery__col\" style=\"flex-basis:25.00000%\"><figure class=\"tiled-gallery__item\"><img decoding=\"async\" srcset=\"https:\/\/i0.wp.com\/abcsimmobilier.fr\/wp-content\/uploads\/2025\/08\/Diapositive4-1.jpg?strip=info&#038;w=600 600w,https:\/\/i0.wp.com\/abcsimmobilier.fr\/wp-content\/uploads\/2025\/08\/Diapositive4-1.jpg?strip=info&#038;w=720 720w\" alt=\"\" data-height=\"960\" data-id=\"39\" data-link=\"http:\/\/abcsimmobilier.fr\/index.php\/sample-page\/diapositive4-2\/\" data-url=\"http:\/\/abcsimmobilier.fr\/wp-content\/uploads\/2025\/08\/Diapositive4-1.jpg\" data-width=\"720\" src=\"https:\/\/i0.wp.com\/abcsimmobilier.fr\/wp-content\/uploads\/2025\/08\/Diapositive4-1.jpg\" data-amp-layout=\"responsive\"\/><\/figure><\/div><div class=\"tiled-gallery__col\" style=\"flex-basis:25.00000%\"><figure class=\"tiled-gallery__item\"><img decoding=\"async\" srcset=\"https:\/\/i0.wp.com\/abcsimmobilier.fr\/wp-content\/uploads\/2025\/08\/Diapositive2-1.jpg?strip=info&#038;w=600 600w,https:\/\/i0.wp.com\/abcsimmobilier.fr\/wp-content\/uploads\/2025\/08\/Diapositive2-1.jpg?strip=info&#038;w=720 720w\" alt=\"\" data-height=\"960\" data-id=\"40\" data-link=\"http:\/\/abcsimmobilier.fr\/index.php\/sample-page\/diapositive2-2\/\" data-url=\"http:\/\/abcsimmobilier.fr\/wp-content\/uploads\/2025\/08\/Diapositive2-1.jpg\" data-width=\"720\" src=\"https:\/\/i0.wp.com\/abcsimmobilier.fr\/wp-content\/uploads\/2025\/08\/Diapositive2-1.jpg\" data-amp-layout=\"responsive\"\/><\/figure><\/div><div class=\"tiled-gallery__col\" style=\"flex-basis:25.00000%\"><figure class=\"tiled-gallery__item\"><img decoding=\"async\" srcset=\"https:\/\/i0.wp.com\/abcsimmobilier.fr\/wp-content\/uploads\/2025\/08\/Diapositive6-1.jpg?strip=info&#038;w=600 600w,https:\/\/i0.wp.com\/abcsimmobilier.fr\/wp-content\/uploads\/2025\/08\/Diapositive6-1.jpg?strip=info&#038;w=720 720w\" alt=\"\" data-height=\"960\" data-id=\"41\" data-link=\"http:\/\/abcsimmobilier.fr\/index.php\/sample-page\/diapositive6-2\/\" data-url=\"http:\/\/abcsimmobilier.fr\/wp-content\/uploads\/2025\/08\/Diapositive6-1.jpg\" data-width=\"720\" src=\"https:\/\/i0.wp.com\/abcsimmobilier.fr\/wp-content\/uploads\/2025\/08\/Diapositive6-1.jpg\" data-amp-layout=\"responsive\"\/><\/figure><\/div><\/div><div class=\"tiled-gallery__row\"><div class=\"tiled-gallery__col\" style=\"flex-basis:53.86001%\"><figure class=\"tiled-gallery__item\"><img decoding=\"async\" srcset=\"https:\/\/i0.wp.com\/abcsimmobilier.fr\/wp-content\/uploads\/2025\/08\/Diapositive5-2.jpg?strip=info&#038;w=600 600w,https:\/\/i0.wp.com\/abcsimmobilier.fr\/wp-content\/uploads\/2025\/08\/Diapositive5-2.jpg?strip=info&#038;w=720 720w\" alt=\"\" data-height=\"960\" data-id=\"37\" data-link=\"http:\/\/abcsimmobilier.fr\/index.php\/sample-page\/diapositive5-3\/\" data-url=\"http:\/\/abcsimmobilier.fr\/wp-content\/uploads\/2025\/08\/Diapositive5-2.jpg\" data-width=\"720\" src=\"https:\/\/i0.wp.com\/abcsimmobilier.fr\/wp-content\/uploads\/2025\/08\/Diapositive5-2.jpg\" data-amp-layout=\"responsive\"\/><\/figure><\/div><div class=\"tiled-gallery__col\" style=\"flex-basis:46.13999%\"><figure class=\"tiled-gallery__item\"><img decoding=\"async\" srcset=\"https:\/\/i0.wp.com\/abcsimmobilier.fr\/wp-content\/uploads\/2025\/08\/Vue-ecran-plan-PC-1-1024x552.jpg?strip=info&#038;w=600 600w,https:\/\/i0.wp.com\/abcsimmobilier.fr\/wp-content\/uploads\/2025\/08\/Vue-ecran-plan-PC-1-1024x552.jpg?strip=info&#038;w=900 900w,https:\/\/i0.wp.com\/abcsimmobilier.fr\/wp-content\/uploads\/2025\/08\/Vue-ecran-plan-PC-1-1024x552.jpg?strip=info&#038;w=1200 1200w,https:\/\/i0.wp.com\/abcsimmobilier.fr\/wp-content\/uploads\/2025\/08\/Vue-ecran-plan-PC-1-1024x552.jpg?strip=info&#038;w=1500 1500w,https:\/\/i0.wp.com\/abcsimmobilier.fr\/wp-content\/uploads\/2025\/08\/Vue-ecran-plan-PC-1-1024x552.jpg?strip=info&#038;w=1770 1770w\" alt=\"\" data-height=\"955\" data-id=\"43\" data-link=\"http:\/\/abcsimmobilier.fr\/index.php\/sample-page\/vue-ecran-plan-pc-2\/\" data-url=\"http:\/\/abcsimmobilier.fr\/wp-content\/uploads\/2025\/08\/Vue-ecran-plan-PC-1-1024x552.jpg\" data-width=\"1770\" src=\"https:\/\/i0.wp.com\/abcsimmobilier.fr\/wp-content\/uploads\/2025\/08\/Vue-ecran-plan-PC-1-1024x552.jpg\" data-amp-layout=\"responsive\"\/><\/figure><figure class=\"tiled-gallery__item\"><img decoding=\"async\" srcset=\"https:\/\/i0.wp.com\/abcsimmobilier.fr\/wp-content\/uploads\/2025\/08\/Logo-carre-ABCS-immobilier-1-1024x1024.jpg?strip=info&#038;w=600 600w,https:\/\/i0.wp.com\/abcsimmobilier.fr\/wp-content\/uploads\/2025\/08\/Logo-carre-ABCS-immobilier-1-1024x1024.jpg?strip=info&#038;w=900 900w,https:\/\/i0.wp.com\/abcsimmobilier.fr\/wp-content\/uploads\/2025\/08\/Logo-carre-ABCS-immobilier-1-1024x1024.jpg?strip=info&#038;w=1200 1200w,https:\/\/i0.wp.com\/abcsimmobilier.fr\/wp-content\/uploads\/2025\/08\/Logo-carre-ABCS-immobilier-1-1024x1024.jpg?strip=info&#038;w=1500 1500w,https:\/\/i0.wp.com\/abcsimmobilier.fr\/wp-content\/uploads\/2025\/08\/Logo-carre-ABCS-immobilier-1-1024x1024.jpg?strip=info&#038;w=1600 1600w\" alt=\"\" data-height=\"1602\" data-id=\"44\" data-link=\"http:\/\/abcsimmobilier.fr\/index.php\/sample-page\/logo-carre-abcs-immobilier-2\/\" data-url=\"http:\/\/abcsimmobilier.fr\/wp-content\/uploads\/2025\/08\/Logo-carre-ABCS-immobilier-1-1024x1024.jpg\" data-width=\"1600\" src=\"https:\/\/i0.wp.com\/abcsimmobilier.fr\/wp-content\/uploads\/2025\/08\/Logo-carre-ABCS-immobilier-1-1024x1024.jpg\" data-amp-layout=\"responsive\"\/><\/figure><\/div><\/div><\/div><\/div><\/div>\n","protected":false},"excerpt":{"rendered":"<p>Vous souhaitez \u00e9changer sur votre projet immobilier, b\u00e9n\u00e9ficier d&rsquo;un regard expert sur un march\u00e9 en pleine \u00e9volution, estimer votre bien, franchir les \u00e9tapes d&rsquo;une vente ou d&rsquo;un achat immobilier : Soyez les bienvenus, j&rsquo;aurai plaisir \u00e0 vous accompagner &#8230;voici quelques r\u00e9p\u00e8res pour enrichir nos \u00e9changes : Olivier GRACIA, g\u00e9rant de la soci\u00e9t\u00e9 ABCS immobilier est &hellip; <a href=\"https:\/\/abcsimmobilier.fr\/\" class=\"more-link\">Continuer la lecture de <span class=\"screen-reader-text\">ABCS immobilier<\/span>  <span class=\"meta-nav\">&rarr;<\/span><\/a><\/p>\n","protected":false},"author":1,"featured_media":0,"parent":0,"menu_order":0,"comment_status":"closed","ping_status":"open","template":"","meta":{"footnotes":""},"class_list":["post-2","page","type-page","status-publish","hentry"],"yoast_head":"<!-- This site is optimized with the Yoast SEO plugin v25.8 - https:\/\/yoast.com\/wordpress\/plugins\/seo\/ -->\n<title>ABCS immobilier - Achat Vente Estimation Agence immobili\u00e8re situ\u00e9e \u00e0 La Roche sur yon<\/title>\n<meta name=\"robots\" content=\"index, follow, max-snippet:-1, max-image-preview:large, max-video-preview:-1\" \/>\n<link rel=\"canonical\" href=\"https:\/\/abcsimmobilier.fr\/\" \/>\n<meta property=\"og:locale\" content=\"fr_FR\" \/>\n<meta property=\"og:type\" content=\"article\" \/>\n<meta property=\"og:title\" content=\"ABCS immobilier - Achat Vente Estimation Agence immobili\u00e8re situ\u00e9e \u00e0 La Roche sur yon\" \/>\n<meta property=\"og:description\" content=\"Vous souhaitez \u00e9changer sur votre projet immobilier, b\u00e9n\u00e9ficier d&rsquo;un regard expert sur un march\u00e9 en pleine \u00e9volution, estimer votre bien, franchir les \u00e9tapes d&rsquo;une vente ou d&rsquo;un achat immobilier : Soyez les bienvenus, j&rsquo;aurai plaisir \u00e0 vous accompagner &#8230;voici quelques r\u00e9p\u00e8res pour enrichir nos \u00e9changes : Olivier GRACIA, g\u00e9rant de la soci\u00e9t\u00e9 ABCS immobilier est &hellip; Continuer la lecture de ABCS immobilier &rarr;\" \/>\n<meta property=\"og:url\" content=\"https:\/\/abcsimmobilier.fr\/\" \/>\n<meta property=\"og:site_name\" content=\"Achat Vente Estimation Agence immobili\u00e8re situ\u00e9e \u00e0 La Roche sur yon\" \/>\n<meta property=\"article:modified_time\" content=\"2026-02-03T16:39:36+00:00\" \/>\n<meta property=\"og:image\" content=\"https:\/\/abcsimmobilier.fr\/wp-content\/uploads\/2025\/08\/Diapositive4-3.jpg\" \/>\n\t<meta property=\"og:image:width\" content=\"960\" \/>\n\t<meta property=\"og:image:height\" content=\"720\" \/>\n\t<meta property=\"og:image:type\" content=\"image\/jpeg\" \/>\n<meta name=\"twitter:card\" content=\"summary_large_image\" \/>\n<meta name=\"twitter:label1\" content=\"Dur\u00e9e de lecture estim\u00e9e\" \/>\n\t<meta name=\"twitter:data1\" content=\"4 minutes\" \/>\n<script type=\"application\/ld+json\" class=\"yoast-schema-graph\">{\"@context\":\"https:\/\/schema.org\",\"@graph\":[{\"@type\":\"WebPage\",\"@id\":\"https:\/\/abcsimmobilier.fr\/\",\"url\":\"https:\/\/abcsimmobilier.fr\/\",\"name\":\"ABCS immobilier - Achat Vente Estimation Agence immobili\u00e8re situ\u00e9e \u00e0 La Roche sur yon\",\"isPartOf\":{\"@id\":\"https:\/\/abcsimmobilier.fr\/#website\"},\"primaryImageOfPage\":{\"@id\":\"https:\/\/abcsimmobilier.fr\/#primaryimage\"},\"image\":{\"@id\":\"https:\/\/abcsimmobilier.fr\/#primaryimage\"},\"thumbnailUrl\":\"http:\/\/abcsimmobilier.fr\/wp-content\/uploads\/2025\/08\/Diapositive4-3.jpg\",\"datePublished\":\"2025-08-27T08:49:29+00:00\",\"dateModified\":\"2026-02-03T16:39:36+00:00\",\"breadcrumb\":{\"@id\":\"https:\/\/abcsimmobilier.fr\/#breadcrumb\"},\"inLanguage\":\"fr-FR\",\"potentialAction\":[{\"@type\":\"ReadAction\",\"target\":[\"https:\/\/abcsimmobilier.fr\/\"]}]},{\"@type\":\"ImageObject\",\"inLanguage\":\"fr-FR\",\"@id\":\"https:\/\/abcsimmobilier.fr\/#primaryimage\",\"url\":\"https:\/\/abcsimmobilier.fr\/wp-content\/uploads\/2025\/08\/Diapositive4-3.jpg\",\"contentUrl\":\"https:\/\/abcsimmobilier.fr\/wp-content\/uploads\/2025\/08\/Diapositive4-3.jpg\",\"width\":960,\"height\":720},{\"@type\":\"BreadcrumbList\",\"@id\":\"https:\/\/abcsimmobilier.fr\/#breadcrumb\",\"itemListElement\":[{\"@type\":\"ListItem\",\"position\":1,\"name\":\"Accueil\",\"item\":\"https:\/\/abcsimmobilier.fr\/\"},{\"@type\":\"ListItem\",\"position\":2,\"name\":\"ABCS immobilier\"}]},{\"@type\":\"WebSite\",\"@id\":\"https:\/\/abcsimmobilier.fr\/#website\",\"url\":\"https:\/\/abcsimmobilier.fr\/\",\"name\":\"Achat Vente Estimation Agence immobili\u00e8re situ\u00e9e \u00e0 La Roche sur yon\",\"description\":\"Accompagner et R\u00e9aliser vos projets d&#039;achat et de vente immobili\u00e8re en Vend\u00e9e\",\"potentialAction\":[{\"@type\":\"SearchAction\",\"target\":{\"@type\":\"EntryPoint\",\"urlTemplate\":\"https:\/\/abcsimmobilier.fr\/?s={search_term_string}\"},\"query-input\":{\"@type\":\"PropertyValueSpecification\",\"valueRequired\":true,\"valueName\":\"search_term_string\"}}],\"inLanguage\":\"fr-FR\"}]}<\/script>\n<!-- \/ Yoast SEO plugin. -->","yoast_head_json":{"title":"ABCS immobilier - Achat Vente Estimation Agence immobili\u00e8re situ\u00e9e \u00e0 La Roche sur yon","robots":{"index":"index","follow":"follow","max-snippet":"max-snippet:-1","max-image-preview":"max-image-preview:large","max-video-preview":"max-video-preview:-1"},"canonical":"https:\/\/abcsimmobilier.fr\/","og_locale":"fr_FR","og_type":"article","og_title":"ABCS immobilier - Achat Vente Estimation Agence immobili\u00e8re situ\u00e9e \u00e0 La Roche sur yon","og_description":"Vous souhaitez \u00e9changer sur votre projet immobilier, b\u00e9n\u00e9ficier d&rsquo;un regard expert sur un march\u00e9 en pleine \u00e9volution, estimer votre bien, franchir les \u00e9tapes d&rsquo;une vente ou d&rsquo;un achat immobilier : Soyez les bienvenus, j&rsquo;aurai plaisir \u00e0 vous accompagner &#8230;voici quelques r\u00e9p\u00e8res pour enrichir nos \u00e9changes : Olivier GRACIA, g\u00e9rant de la soci\u00e9t\u00e9 ABCS immobilier est &hellip; Continuer la lecture de ABCS immobilier &rarr;","og_url":"https:\/\/abcsimmobilier.fr\/","og_site_name":"Achat Vente Estimation Agence immobili\u00e8re situ\u00e9e \u00e0 La Roche sur yon","article_modified_time":"2026-02-03T16:39:36+00:00","og_image":[{"width":960,"height":720,"url":"https:\/\/abcsimmobilier.fr\/wp-content\/uploads\/2025\/08\/Diapositive4-3.jpg","type":"image\/jpeg"}],"twitter_card":"summary_large_image","twitter_misc":{"Dur\u00e9e de lecture estim\u00e9e":"4 minutes"},"schema":{"@context":"https:\/\/schema.org","@graph":[{"@type":"WebPage","@id":"https:\/\/abcsimmobilier.fr\/","url":"https:\/\/abcsimmobilier.fr\/","name":"ABCS immobilier - Achat Vente Estimation Agence immobili\u00e8re situ\u00e9e \u00e0 La Roche sur yon","isPartOf":{"@id":"https:\/\/abcsimmobilier.fr\/#website"},"primaryImageOfPage":{"@id":"https:\/\/abcsimmobilier.fr\/#primaryimage"},"image":{"@id":"https:\/\/abcsimmobilier.fr\/#primaryimage"},"thumbnailUrl":"http:\/\/abcsimmobilier.fr\/wp-content\/uploads\/2025\/08\/Diapositive4-3.jpg","datePublished":"2025-08-27T08:49:29+00:00","dateModified":"2026-02-03T16:39:36+00:00","breadcrumb":{"@id":"https:\/\/abcsimmobilier.fr\/#breadcrumb"},"inLanguage":"fr-FR","potentialAction":[{"@type":"ReadAction","target":["https:\/\/abcsimmobilier.fr\/"]}]},{"@type":"ImageObject","inLanguage":"fr-FR","@id":"https:\/\/abcsimmobilier.fr\/#primaryimage","url":"https:\/\/abcsimmobilier.fr\/wp-content\/uploads\/2025\/08\/Diapositive4-3.jpg","contentUrl":"https:\/\/abcsimmobilier.fr\/wp-content\/uploads\/2025\/08\/Diapositive4-3.jpg","width":960,"height":720},{"@type":"BreadcrumbList","@id":"https:\/\/abcsimmobilier.fr\/#breadcrumb","itemListElement":[{"@type":"ListItem","position":1,"name":"Accueil","item":"https:\/\/abcsimmobilier.fr\/"},{"@type":"ListItem","position":2,"name":"ABCS immobilier"}]},{"@type":"WebSite","@id":"https:\/\/abcsimmobilier.fr\/#website","url":"https:\/\/abcsimmobilier.fr\/","name":"Achat Vente Estimation Agence immobili\u00e8re situ\u00e9e \u00e0 La Roche sur yon","description":"Accompagner et R\u00e9aliser vos projets d&#039;achat et de vente immobili\u00e8re en Vend\u00e9e","potentialAction":[{"@type":"SearchAction","target":{"@type":"EntryPoint","urlTemplate":"https:\/\/abcsimmobilier.fr\/?s={search_term_string}"},"query-input":{"@type":"PropertyValueSpecification","valueRequired":true,"valueName":"search_term_string"}}],"inLanguage":"fr-FR"}]}},"jetpack_sharing_enabled":true,"_links":{"self":[{"href":"https:\/\/abcsimmobilier.fr\/index.php\/wp-json\/wp\/v2\/pages\/2","targetHints":{"allow":["GET"]}}],"collection":[{"href":"https:\/\/abcsimmobilier.fr\/index.php\/wp-json\/wp\/v2\/pages"}],"about":[{"href":"https:\/\/abcsimmobilier.fr\/index.php\/wp-json\/wp\/v2\/types\/page"}],"author":[{"embeddable":true,"href":"https:\/\/abcsimmobilier.fr\/index.php\/wp-json\/wp\/v2\/users\/1"}],"replies":[{"embeddable":true,"href":"https:\/\/abcsimmobilier.fr\/index.php\/wp-json\/wp\/v2\/comments?post=2"}],"version-history":[{"count":13,"href":"https:\/\/abcsimmobilier.fr\/index.php\/wp-json\/wp\/v2\/pages\/2\/revisions"}],"predecessor-version":[{"id":71,"href":"https:\/\/abcsimmobilier.fr\/index.php\/wp-json\/wp\/v2\/pages\/2\/revisions\/71"}],"wp:attachment":[{"href":"https:\/\/abcsimmobilier.fr\/index.php\/wp-json\/wp\/v2\/media?parent=2"}],"curies":[{"name":"wp","href":"https:\/\/api.w.org\/{rel}","templated":true}]}}